{"id":3,"date":"2024-04-01T14:23:10","date_gmt":"2024-04-01T14:23:10","guid":{"rendered":"https:\/\/www.inclusive-success.com\/?page_id=3"},"modified":"2025-07-01T09:25:55","modified_gmt":"2025-07-01T09:25:55","slug":"privacy-policy","status":"publish","type":"page","link":"https:\/\/www.inclusive-success.com\/?page_id=3","title":{"rendered":"Privacy Policy"},"content":{"rendered":"\n<h1 class=\"wp-block-heading\">Impressum<\/h1>\n\n\n\n<p><strong>Impressum gem\u00e4\u00df \u00a7 5 TMG<\/strong><\/p>\n\n\n\n<p><strong>Angaben gem\u00e4\u00df \u00a7 5 TMG<\/strong><br>Nadia Bach-Bezaz<br>Inclusive Success \u2013 Mentorin &amp; Trainerin<br>Neuffenblick 7<br>72141 Walddorfh\u00e4slach<br>Deutschland<\/p>\n\n\n\n<p><strong>Kontakt:<\/strong><br>Telefon: +49-176 43409806<br>E-Mail: <a href=\"mailto:nadia@inclusive-success.com\">nadia@inclusive-success.com<\/a><\/p>\n\n\n\n<p><strong>Umsatzsteuer \/ Steuernummer:<\/strong><br>Gem\u00e4\u00df \u00a7 19 UStG wird keine Umsatzsteuer ausgewiesen.<br><\/p>\n\n\n\n<p><strong>Verantwortlich f\u00fcr den Inhalt nach \u00a7 55 Abs. 2 RStV:<\/strong><br>Nadia Bach-Bezaz<br>Neuffenblick 7<br>72141 Walddorfh\u00e4slach<\/p>\n\n\n\n<p><strong>Haftungsausschluss:<\/strong><\/p>\n\n\n\n<p><strong>Haftung f\u00fcr Inhalte<\/strong><br>Die Inhalte dieser Seiten wurden mit gr\u00f6\u00dfter Sorgfalt erstellt. F\u00fcr die Richtigkeit, Vollst\u00e4ndigkeit und Aktualit\u00e4t der Inhalte kann jedoch keine Gew\u00e4hr \u00fcbernommen werden. Als Diensteanbieter bin ich gem\u00e4\u00df \u00a7 7 Abs. 1 TMG f\u00fcr eigene Inhalte auf diesen Seiten nach den allgemeinen Gesetzen verantwortlich. Nach \u00a7\u00a7 8 bis 10 TMG bin ich jedoch nicht verpflichtet, \u00fcbermittelte oder gespeicherte fremde Informationen zu \u00fcberwachen oder nach Umst\u00e4nden zu forschen, die auf eine rechtswidrige T\u00e4tigkeit hinweisen.<\/p>\n\n\n\n<p><strong>Haftung f\u00fcr Links<\/strong><br>Mein Angebot enth\u00e4lt Links zu externen Webseiten Dritter, auf deren Inhalte ich keinen Einfluss habe. Deshalb kann ich f\u00fcr diese fremden Inhalte auch keine Gew\u00e4hr \u00fcbernehmen. F\u00fcr die Inhalte der verlinkten Seiten ist stets der jeweilige Anbieter oder Betreiber der Seiten verantwortlich.<\/p>\n\n\n\n<p><strong>Urheberrecht<\/strong><br>Die durch mich erstellten Inhalte und Werke auf diesen Seiten unterliegen dem deutschen Urheberrecht. Die Vervielf\u00e4ltigung, Bearbeitung, Verbreitung und jede Art der Verwertung au\u00dferhalb der Grenzen des Urheberrechtes bed\u00fcrfen der schriftlichen Zustimmung. Downloads und Kopien dieser Seite sind nur f\u00fcr den privaten, nicht kommerziellen Gebrauch gestattet.<\/p>\n\n\n\n<p><strong>Quelle:<\/strong> Eigene Angaben gem\u00e4\u00df aktueller Rechtslage<\/p>\n\n\n\n<h1 class=\"wp-block-heading\" id=\"privacy\">DATENSCHUTZERKL\u00c4RUNG<\/h1>\n\n\n\n<p>DATENSCHUTZERKL\u00c4RUNG<\/p>\n\n\n\n<p>Diese Datenschutzerkl\u00e4rung informiert Sie \u00fcber die Art, den Umfang und Zweck der Verarbeitung personenbezogener Daten auf meiner Website und im Rahmen meiner Coaching-, Mentoring- und Workshop-T\u00e4tigkeit gem\u00e4\u00df der Datenschutz-Grundverordnung (DSGVO).<\/p>\n\n\n\n<p><strong>1. Verantwortliche Stelle<\/strong><br>Inclusive Success<br>Nadia Bach-Bezaz<br>Neuffenblick 7, 72141 Walddorfh\u00e4slach<br><a>info@inclusive-success.com<\/a><\/p>\n\n\n\n<p><strong>2. Erhebung und Speicherung personenbezogener Daten<\/strong> Ich verarbeite personenbezogene Daten (z.\u202fB. Name, E-Mail-Adresse, Telefonnummer), wenn Sie mir diese freiwillig mitteilen, z.\u202fB. durch:<\/p>\n\n\n\n<ul class=\"wp-block-list\">\n<li>Kontaktaufnahme per E-Mail oder \u00fcber mein Kontaktformular<\/li>\n\n\n\n<li>Buchung eines Termins \u00fcber &#8220;Calendly&#8221;<\/li>\n\n\n\n<li>Anmeldung zu einem Mentoring- oder Workshop-Programm<\/li>\n<\/ul>\n\n\n\n<p><strong>3. Zwecke der Datenverarbeitung<\/strong> Die Verarbeitung erfolgt zur:<\/p>\n\n\n\n<ul class=\"wp-block-list\">\n<li>Vertragserf\u00fcllung (Art. 6 Abs. 1 lit. b DSGVO)<\/li>\n\n\n\n<li>Kommunikation mit Ihnen (Art. 6 Abs. 1 lit. f DSGVO)<\/li>\n\n\n\n<li>Abrechnung (Art. 6 Abs. 1 lit. c DSGVO)<\/li>\n<\/ul>\n\n\n\n<p><strong>4. Nutzung von Calendly<\/strong> F\u00fcr die Online-Terminvereinbarung nutze ich &#8220;Calendly&#8221; (Anbieter: Calendly LLC, USA). Bei der Buchung werden Name und E-Mail-Adresse \u00fcbermittelt. Die Datenverarbeitung erfolgt auf Grundlage von Art. 6 Abs. 1 lit. b DSGVO. Mit Calendly besteht ein Vertrag zur Auftragsverarbeitung (AVV).<\/p>\n\n\n\n<p><strong>5. E-Mail-Kommunikation via Gmail<\/strong> Die Kommunikation erfolgt \u00fcber E-Mail-Dienste von Google (Gmail). Dabei werden die von Ihnen gesendeten Daten auf Google-Servern verarbeitet. Ich habe die Einstellungen DSGVO-konform gew\u00e4hlt und sichere meine Konten technisch ab.<\/p>\n\n\n\n<p><strong>6. Hosting und Zugriffsdaten<\/strong> Meine Website wird \u00fcber WordPress gehostet. Der Hostinganbieter erhebt bei jedem Zugriff automatisch Informationen wie IP-Adresse, Datum\/Uhrzeit, Browsertyp etc. Die Verarbeitung erfolgt zur Sicherstellung eines st\u00f6rungsfreien Betriebs (Art. 6 Abs. 1 lit. f DSGVO).<\/p>\n\n\n\n<p><strong>7. Cookies<\/strong> Meine Website verwendet Cookies, um die Benutzerfreundlichkeit zu verbessern. Sie k\u00f6nnen der Nutzung jederzeit \u00fcber Ihre Browsereinstellungen widersprechen.<\/p>\n\n\n\n<p><strong>8. Speicherdauer<\/strong> Ich speichere personenbezogene Daten nur so lange, wie dies f\u00fcr die Durchf\u00fchrung der jeweiligen Zwecke erforderlich ist oder gesetzliche Aufbewahrungspflichten bestehen.<\/p>\n\n\n\n<p><strong>9. Ihre Rechte<\/strong> Sie haben das Recht auf Auskunft (Art. 15 DSGVO), Berichtigung (Art. 16 DSGVO), L\u00f6schung (Art. 17 DSGVO), Einschr\u00e4nkung (Art. 18 DSGVO) sowie Daten\u00fcbertragbarkeit (Art. 20 DSGVO).<\/p>\n\n\n\n<p><strong>10. Widerspruchsrecht<\/strong> Sie k\u00f6nnen der Verarbeitung Ihrer Daten jederzeit widersprechen (Art. 21 DSGVO). Ein formloser Hinweis an <a>info@inclusive-success.com<\/a> gen\u00fcgt.<\/p>\n\n\n\n<p><strong>11. \u00c4nderungen der Datenschutzerkl\u00e4rung<\/strong> Ich behalte mir vor, diese Datenschutzerkl\u00e4rung bei Bedarf zu aktualisieren.<\/p>\n","protected":false},"excerpt":{"rendered":"<p>Impressum Impressum gem\u00e4\u00df \u00a7 5 TMG Angaben gem\u00e4\u00df \u00a7 5 TMGNadia Bach-BezazInclusive Success \u2013 Mentorin &amp; TrainerinNeuffenblick 772141 Walddorfh\u00e4slachDeutschland Kontakt:Telefon: +49-176 43409806E-Mail: nadia@inclusive-success.com Umsatzsteuer \/ Steuernummer:Gem\u00e4\u00df \u00a7 19 UStG&#8230;<\/p>\n","protected":false},"author":1,"featured_media":0,"parent":0,"menu_order":0,"comment_status":"closed","ping_status":"open","template":"","meta":{"footnotes":""},"class_list":["post-3","page","type-page","status-publish","hentry"],"yoast_head":"<!-- This site is optimized with the Yoast SEO plugin v23.8 - https:\/\/yoast.com\/wordpress\/plugins\/seo\/ -->\n<title>Privacy Policy - Inclusive Success<\/title>\n<meta name=\"robots\" content=\"index, follow, max-snippet:-1, max-image-preview:large, max-video-preview:-1\" \/>\n<link rel=\"canonical\" href=\"https:\/\/www.inclusive-success.com\/?page_id=3\" \/>\n<meta property=\"og:locale\" content=\"en_US\" \/>\n<meta property=\"og:type\" content=\"article\" \/>\n<meta property=\"og:title\" content=\"Privacy Policy - Inclusive Success\" \/>\n<meta property=\"og:description\" content=\"Impressum Impressum gem\u00e4\u00df \u00a7 5 TMG Angaben gem\u00e4\u00df \u00a7 5 TMGNadia Bach-BezazInclusive Success \u2013 Mentorin &amp; TrainerinNeuffenblick 772141 Walddorfh\u00e4slachDeutschland Kontakt:Telefon: +49-176 43409806E-Mail: nadia@inclusive-success.com Umsatzsteuer \/ Steuernummer:Gem\u00e4\u00df \u00a7 19 UStG...\" \/>\n<meta property=\"og:url\" content=\"https:\/\/www.inclusive-success.com\/?page_id=3\" \/>\n<meta property=\"og:site_name\" content=\"Inclusive Success\" \/>\n<meta property=\"article:modified_time\" content=\"2025-07-01T09:25:55+00:00\" \/>\n<meta name=\"twitter:card\" content=\"summary_large_image\" \/>\n<meta name=\"twitter:label1\" content=\"Est. reading time\" \/>\n\t<meta name=\"twitter:data1\" content=\"3 minutes\" \/>\n<script type=\"application\/ld+json\" class=\"yoast-schema-graph\">{\"@context\":\"https:\/\/schema.org\",\"@graph\":[{\"@type\":\"WebPage\",\"@id\":\"https:\/\/www.inclusive-success.com\/?page_id=3\",\"url\":\"https:\/\/www.inclusive-success.com\/?page_id=3\",\"name\":\"Privacy Policy - Inclusive Success\",\"isPartOf\":{\"@id\":\"https:\/\/www.inclusive-success.com\/#website\"},\"datePublished\":\"2024-04-01T14:23:10+00:00\",\"dateModified\":\"2025-07-01T09:25:55+00:00\",\"breadcrumb\":{\"@id\":\"https:\/\/www.inclusive-success.com\/?page_id=3#breadcrumb\"},\"inLanguage\":\"en-US\",\"potentialAction\":[{\"@type\":\"ReadAction\",\"target\":[\"https:\/\/www.inclusive-success.com\/?page_id=3\"]}]},{\"@type\":\"BreadcrumbList\",\"@id\":\"https:\/\/www.inclusive-success.com\/?page_id=3#breadcrumb\",\"itemListElement\":[{\"@type\":\"ListItem\",\"position\":1,\"name\":\"Home\",\"item\":\"https:\/\/www.inclusive-success.com\/\"},{\"@type\":\"ListItem\",\"position\":2,\"name\":\"Privacy Policy\"}]},{\"@type\":\"WebSite\",\"@id\":\"https:\/\/www.inclusive-success.com\/#website\",\"url\":\"https:\/\/www.inclusive-success.com\/\",\"name\":\"Inclusive Success\",\"description\":\"AI &amp; Sales Workshops \u2013 in German, English &amp; French\",\"publisher\":{\"@id\":\"https:\/\/www.inclusive-success.com\/#organization\"},\"potentialAction\":[{\"@type\":\"SearchAction\",\"target\":{\"@type\":\"EntryPoint\",\"urlTemplate\":\"https:\/\/www.inclusive-success.com\/?s={search_term_string}\"},\"query-input\":{\"@type\":\"PropertyValueSpecification\",\"valueRequired\":true,\"valueName\":\"search_term_string\"}}],\"inLanguage\":\"en-US\"},{\"@type\":\"Organization\",\"@id\":\"https:\/\/www.inclusive-success.com\/#organization\",\"name\":\"Inclusive Success\",\"url\":\"https:\/\/www.inclusive-success.com\/\",\"logo\":{\"@type\":\"ImageObject\",\"inLanguage\":\"en-US\",\"@id\":\"https:\/\/www.inclusive-success.com\/#\/schema\/logo\/image\/\",\"url\":\"https:\/\/www.inclusive-success.com\/wp-content\/uploads\/2024\/04\/Color-logo-no-background.png\",\"contentUrl\":\"https:\/\/www.inclusive-success.com\/wp-content\/uploads\/2024\/04\/Color-logo-no-background.png\",\"width\":3163,\"height\":954,\"caption\":\"Inclusive Success\"},\"image\":{\"@id\":\"https:\/\/www.inclusive-success.com\/#\/schema\/logo\/image\/\"},\"sameAs\":[\"https:\/\/www.linkedin.com\/company\/inclusive-success\/\"]}]}<\/script>\n<!-- \/ Yoast SEO plugin. -->","yoast_head_json":{"title":"Privacy Policy - Inclusive Success","robots":{"index":"index","follow":"follow","max-snippet":"max-snippet:-1","max-image-preview":"max-image-preview:large","max-video-preview":"max-video-preview:-1"},"canonical":"https:\/\/www.inclusive-success.com\/?page_id=3","og_locale":"en_US","og_type":"article","og_title":"Privacy Policy - Inclusive Success","og_description":"Impressum Impressum gem\u00e4\u00df \u00a7 5 TMG Angaben gem\u00e4\u00df \u00a7 5 TMGNadia Bach-BezazInclusive Success \u2013 Mentorin &amp; TrainerinNeuffenblick 772141 Walddorfh\u00e4slachDeutschland Kontakt:Telefon: +49-176 43409806E-Mail: nadia@inclusive-success.com Umsatzsteuer \/ Steuernummer:Gem\u00e4\u00df \u00a7 19 UStG...","og_url":"https:\/\/www.inclusive-success.com\/?page_id=3","og_site_name":"Inclusive Success","article_modified_time":"2025-07-01T09:25:55+00:00","twitter_card":"summary_large_image","twitter_misc":{"Est. reading time":"3 minutes"},"schema":{"@context":"https:\/\/schema.org","@graph":[{"@type":"WebPage","@id":"https:\/\/www.inclusive-success.com\/?page_id=3","url":"https:\/\/www.inclusive-success.com\/?page_id=3","name":"Privacy Policy - Inclusive Success","isPartOf":{"@id":"https:\/\/www.inclusive-success.com\/#website"},"datePublished":"2024-04-01T14:23:10+00:00","dateModified":"2025-07-01T09:25:55+00:00","breadcrumb":{"@id":"https:\/\/www.inclusive-success.com\/?page_id=3#breadcrumb"},"inLanguage":"en-US","potentialAction":[{"@type":"ReadAction","target":["https:\/\/www.inclusive-success.com\/?page_id=3"]}]},{"@type":"BreadcrumbList","@id":"https:\/\/www.inclusive-success.com\/?page_id=3#breadcrumb","itemListElement":[{"@type":"ListItem","position":1,"name":"Home","item":"https:\/\/www.inclusive-success.com\/"},{"@type":"ListItem","position":2,"name":"Privacy Policy"}]},{"@type":"WebSite","@id":"https:\/\/www.inclusive-success.com\/#website","url":"https:\/\/www.inclusive-success.com\/","name":"Inclusive Success","description":"AI &amp; Sales Workshops \u2013 in German, English &amp; French","publisher":{"@id":"https:\/\/www.inclusive-success.com\/#organization"},"potentialAction":[{"@type":"SearchAction","target":{"@type":"EntryPoint","urlTemplate":"https:\/\/www.inclusive-success.com\/?s={search_term_string}"},"query-input":{"@type":"PropertyValueSpecification","valueRequired":true,"valueName":"search_term_string"}}],"inLanguage":"en-US"},{"@type":"Organization","@id":"https:\/\/www.inclusive-success.com\/#organization","name":"Inclusive Success","url":"https:\/\/www.inclusive-success.com\/","logo":{"@type":"ImageObject","inLanguage":"en-US","@id":"https:\/\/www.inclusive-success.com\/#\/schema\/logo\/image\/","url":"https:\/\/www.inclusive-success.com\/wp-content\/uploads\/2024\/04\/Color-logo-no-background.png","contentUrl":"https:\/\/www.inclusive-success.com\/wp-content\/uploads\/2024\/04\/Color-logo-no-background.png","width":3163,"height":954,"caption":"Inclusive Success"},"image":{"@id":"https:\/\/www.inclusive-success.com\/#\/schema\/logo\/image\/"},"sameAs":["https:\/\/www.linkedin.com\/company\/inclusive-success\/"]}]}},"_links":{"self":[{"href":"https:\/\/www.inclusive-success.com\/index.php?rest_route=\/wp\/v2\/pages\/3","targetHints":{"allow":["GET"]}}],"collection":[{"href":"https:\/\/www.inclusive-success.com\/index.php?rest_route=\/wp\/v2\/pages"}],"about":[{"href":"https:\/\/www.inclusive-success.com\/index.php?rest_route=\/wp\/v2\/types\/page"}],"author":[{"embeddable":true,"href":"https:\/\/www.inclusive-success.com\/index.php?rest_route=\/wp\/v2\/users\/1"}],"replies":[{"embeddable":true,"href":"https:\/\/www.inclusive-success.com\/index.php?rest_route=%2Fwp%2Fv2%2Fcomments&post=3"}],"version-history":[{"count":10,"href":"https:\/\/www.inclusive-success.com\/index.php?rest_route=\/wp\/v2\/pages\/3\/revisions"}],"predecessor-version":[{"id":1013,"href":"https:\/\/www.inclusive-success.com\/index.php?rest_route=\/wp\/v2\/pages\/3\/revisions\/1013"}],"wp:attachment":[{"href":"https:\/\/www.inclusive-success.com\/index.php?rest_route=%2Fwp%2Fv2%2Fmedia&parent=3"}],"curies":[{"name":"wp","href":"https:\/\/api.w.org\/{rel}","templated":true}]}}